{"id":1346,"date":"2025-12-20T06:52:47","date_gmt":"2025-12-20T06:52:47","guid":{"rendered":"http:\/\/wpexplorer-demos.com\/?page_id=1346"},"modified":"2026-04-20T17:39:43","modified_gmt":"2026-04-20T17:39:43","slug":"contacte","status":"publish","type":"page","link":"https:\/\/assegurancescastellar.com\/ca\/contacte\/","title":{"rendered":"Contacte"},"content":{"rendered":"<div class=\"wpb-content-wrapper\"><div class=\"vc_row wpb_row vc_row-fluid wpex-vc-full-width-row wpex-vc-full-width-row--no-padding wpex-relative\"><div class=\"wpb_column vc_column_container vc_col-sm-12\"><div class=\"vc_column-inner\"><div class=\"wpb_wrapper\">\n\t<div class=\"wpb_raw_code wpb_raw_html wpb_content_element\" >\n\t\t<div class=\"wpb_wrapper\">\n\t\t\t<iframe src=\"https:\/\/www.google.com\/maps\/embed?pb=!1m18!1m12!1m3!1d11932.719077349831!2d2.0761062292518!3d41.60862414035979!2m3!1f0!2f0!3f0!3m2!1i1024!2i768!4f13.1!3m3!1m2!1s0x12a4ebe09d857f33%3A0x699c804b670e97ee!2sASSEGURANCES%20CASTELLAR%20%7C%20Agencia%20de%20Seguros!5e0!3m2!1ses!2ses!4v1764519383846!5m2!1ses!2ses\" width=\"100%\" height=\"450\" style=\"border:0;\" allowfullscreen=\"\" loading=\"lazy\" referrerpolicy=\"no-referrer-when-downgrade\"><\/iframe>\n\t\t<\/div>\n\t<\/div>\n<\/div><\/div><\/div><\/div><div class=\"vc_row wpb_row vc_row-fluid vc_custom_1489785664495 wpex-relative wpex-vc-has-custom-column-spacing wpex-vc-column-spacing-40\"><div class=\"wpb_column vc_column_container vc_col-sm-9\"><div class=\"vc_column-inner\"><div class=\"wpb_wrapper\"><style>.vcex-heading.vcex_69ede4d63795e{color:#0b1a48;font-size:var(--wpex-text-3xl);}<\/style><h1 class=\"vcex-heading vcex-heading-plain vcex-module wpex-heading wpex-text-2xl wpex-mb-10 vcex_69ede4d63795e\"><span class=\"vcex-heading-inner wpex-inline-block\">\u00bfNecesitas Ayuda? \u00a1Cont\u00e1ctanos!<\/span><\/h1>\n\t<div style=\"font-size:var(--wpex-text-lg);margin-bottom:30px;\" class=\"wpb_text_column wpb_content_element\" >\n\t\t<div class=\"wpb_wrapper\">\n\t\t\t<p><strong>Horario de atenci\u00f3n al cliente<\/strong><br \/>\n09:00h a 13:30h<br \/>\n16:00h a 19:00h<\/p>\n\n\t\t<\/div>\n\t<\/div>\n<div class=\"vc_row wpb_row vc_inner vc_row-fluid vc_custom_1765315412079 wpex-relative wpex-vc_row-has-fill wpex-vc-reset-negative-margin\"><div class=\"wpb_column vc_column_container vc_col-sm-12\"><div class=\"vc_column-inner\"><div class=\"wpb_wrapper\"><div class=\"vcex-shortcode wpex-clr\"><div class='fluentform ff-inherit-theme-style fluentform_wrapper_11'><form data-form_id=\"11\" id=\"fluentform_11\" class=\"frm-fluent-form fluent_form_11 ff-el-form-top ff_form_instance_11_1 ff-form-loading ffs_inherit_theme\" data-form_instance=\"ff_form_instance_11_1\" method=\"POST\" ><fieldset  style=\"border: none!important;margin: 0!important;padding: 0!important;background-color: transparent!important;box-shadow: none!important;outline: none!important; min-inline-size: 100%;\">\n                    <legend class=\"ff_screen_reader_title\" style=\"display: block; margin: 0!important;padding: 0!important;height: 0!important;text-indent: -999999px;width: 0!important;overflow:hidden;\">Consulta General \"Contacto\"<\/legend><input type='hidden' name='__fluent_form_embded_post_id' value='1346' \/><input type=\"hidden\" id=\"_fluentform_11_fluentformnonce\" name=\"_fluentform_11_fluentformnonce\" value=\"0bb7724d99\" \/><input type=\"hidden\" name=\"_wp_http_referer\" value=\"\/ca\/wp-json\/wp\/v2\/pages\/1346\" \/><div data-type=\"name-element\" data-name=\"names\" class=\" ff-field_container ff-name-field-wrapper\" ><div class='ff-t-container'><div class='ff-t-cell '><div class='ff-el-group ff-el-form-top'><div class=\"ff-el-input--label ff-el-is-required asterisk-right\"><label for='ff_11_names_first_name_' id='label_ff_11_names_first_name_' >Nombre<\/label><\/div><div class='ff-el-input--content'><input type=\"text\" name=\"names[first_name]\" id=\"ff_11_names_first_name_\" class=\"ff-el-form-control\" placeholder=\"Introduce tu nombre\" aria-invalid=\"false\" aria-required=true><\/div><\/div><\/div><div class='ff-t-cell '><div class='ff-el-group ff-el-form-top'><div class=\"ff-el-input--label ff-el-is-required asterisk-right\"><label for='ff_11_names_last_name_' id='label_ff_11_names_last_name_' >Apellidos<\/label><\/div><div class='ff-el-input--content'><input type=\"text\" name=\"names[last_name]\" id=\"ff_11_names_last_name_\" class=\"ff-el-form-control\" placeholder=\"Introduce tus apellidos\" aria-invalid=\"false\" aria-required=true><\/div><\/div><\/div><\/div><\/div><div data-name=\"ff_cn_id_1\"  class='ff-t-container ff-column-container ff_columns_total_2 '><div class='ff-t-cell ff-t-column-1' style='flex-basis: 50%;'><div class='ff-el-group'><div class=\"ff-el-input--label ff-el-is-required asterisk-right\"><label for='ff_11_email' id='label_ff_11_email' aria-label=\"Correo electr\u00f3nico\">Correo electr\u00f3nico<\/label><\/div><div class='ff-el-input--content'><input type=\"email\" name=\"email\" id=\"ff_11_email\" class=\"ff-el-form-control\" placeholder=\"Email\" data-name=\"email\"  aria-invalid=\"false\" aria-required=true><\/div><\/div><\/div><div class='ff-t-cell ff-t-column-2' style='flex-basis: 50%;'><div class='ff-el-group'><div class=\"ff-el-input--label ff-el-is-required asterisk-right\"><label for='ff_11_phone' id='label_ff_11_phone' aria-label=\"Tel\u00e9fono\">Tel\u00e9fono<\/label><\/div><div class='ff-el-input--content'><input name=\"phone\" class=\"ff-el-form-control ff-el-phone\" type=\"tel\" placeholder=\"N\u00famero de tel\u00e9fono\" data-name=\"phone\" id=\"ff_11_phone\" inputmode=\"tel\"  aria-invalid='false' aria-required=true><\/div><\/div><\/div><\/div><div class='ff-el-group'><div class=\"ff-el-input--label asterisk-right\"><label for='ff_11_description' id='label_ff_11_description' aria-label=\"\u00bfC\u00f3mo podemos ayudarle?\">\u00bfC\u00f3mo podemos ayudarle?<\/label><\/div><div class='ff-el-input--content'><textarea aria-required=\"false\" aria-labelledby=\"label_ff_11_description\" name=\"description\" id=\"ff_11_description\" class=\"ff-el-form-control\" placeholder=\"Escriba su consulta...\" rows=\"3\" cols=\"2\" data-name=\"description\" ><\/textarea><\/div><\/div><div class='ff-el-group    ff-el-input--content'><div class='ff-el-form-check ff-el-tc'><label aria-label='Doy mi consentimiento para que este sitio web almacene mi informaci\u00f3n enviada para que puedan responder a mi consulta' class='ff-el-form-check-label ff_tc_label' for=gdpr-agreement_760fedbb7d6f2d40c4db3ea04910ea26><span class='ff_tc_checkbox'><input type=\"checkbox\" name=\"gdpr-agreement\" class=\"ff-el-form-check-input ff_gdpr_field\" data-name=\"gdpr-agreement\" id=\"gdpr-agreement_760fedbb7d6f2d40c4db3ea04910ea26\"  value='on' aria-invalid='false' aria-required=true><\/span> <div class='ff_t_c'>Doy mi consentimiento para que este sitio web almacene mi informaci\u00f3n enviada para que puedan responder a mi consulta<\/div><\/label><\/div><\/div><div class='ff-el-group ff-text-right ff_submit_btn_wrapper'><button type=\"submit\" class=\"ff-btn ff-btn-submit ff-btn-md ff_btn_no_style\"  aria-label=\"Enviar Consulta\">Enviar Consulta<\/button><\/div><\/fieldset><\/form><div id='fluentform_11_errors' class='ff-errors-in-stack ff_form_instance_11_1 ff-form-loading_errors ff_form_instance_11_1_errors'><\/div><\/div>            <script type=\"text\/javascript\">\n                window.fluent_form_ff_form_instance_11_1 = {\"id\":\"11\",\"settings\":{\"layout\":{\"labelPlacement\":\"top\",\"asteriskPlacement\":\"asterisk-right\",\"helpMessagePlacement\":\"with_label\",\"errorMessagePlacement\":\"inline\",\"cssClassName\":\"\"},\"restrictions\":{\"denyEmptySubmission\":{\"enabled\":false}}},\"form_instance\":\"ff_form_instance_11_1\",\"form_id_selector\":\"fluentform_11\",\"rules\":{\"names[first_name]\":{\"required\":{\"value\":true,\"message\":\"This field is required\",\"global_message\":\"Este campo es obligatorio\",\"global\":true}},\"names[middle_name]\":{\"required\":{\"value\":false,\"message\":\"This field is required\",\"global_message\":\"Este campo es obligatorio\",\"global\":true}},\"names[last_name]\":{\"required\":{\"value\":true,\"message\":\"This field is required\",\"global_message\":\"Este campo es obligatorio\",\"global\":true}},\"email\":{\"required\":{\"value\":true,\"message\":\"This field is required\",\"global_message\":\"Este campo es obligatorio\",\"global\":true},\"email\":{\"value\":true,\"message\":\"This field must contain a valid email\",\"global_message\":\"Este campo debe contener un correo electr\\u00f3nico v\\u00e1lido\",\"global\":true}},\"phone\":{\"required\":{\"value\":true,\"global\":true,\"message\":\"This field is required\",\"global_message\":\"Este campo es obligatorio\"},\"valid_phone_number\":{\"value\":false,\"global\":true,\"message\":\"Phone number is not valid\",\"global_message\":\"El n\\u00famero de tel\\u00e9fono no es v\\u00e1lido \"}},\"description\":{\"required\":{\"value\":false,\"message\":\"This field is required\",\"global_message\":\"Este campo es obligatorio\",\"global\":true}},\"gdpr-agreement\":{\"required\":{\"value\":true,\"message\":\"This field is required\",\"global_message\":\"Este campo es obligatorio\",\"global\":true}}},\"debounce_time\":300};\n                            <\/script>\n            <\/div><\/div><\/div><\/div><\/div><\/div><\/div><\/div><div class=\"wpb_column vc_column_container vc_col-sm-3\"><div class=\"vc_column-inner\"><div class=\"wpb_wrapper\"><style>.vcex-heading.vcex_69ede4d63d434{color:#0b1a48;font-size:var(--wpex-text-lg);}<\/style><div class=\"vcex-heading vcex-heading-plain vcex-module wpex-heading wpex-text-2xl wpex-mb-10 vcex_69ede4d63d434\"><span class=\"vcex-heading-inner wpex-inline-block\">Direcci\u00f3n<\/span><\/div>\n\t<div style=\"margin-bottom:25px;\" class=\"wpb_text_column wpb_content_element\" >\n\t\t<div class=\"wpb_wrapper\">\n\t\t\t<p>Castellar del Vall\u00e8s<br \/>\n08211 | Barcelona | Espa\u00f1a<br \/>\n<a href=\"https:\/\/maps.app.goo.gl\/zXmMpkoGkEgWjAXX9\" target=\"_blank\" rel=\"noopener\"><strong>Ver la Agencia de Seguros<\/strong><\/a><\/p>\n\n\t\t<\/div>\n\t<\/div>\n<style>.vcex-heading.vcex_69ede4d63de98{color:#0b1a48;font-size:var(--wpex-text-lg);}<\/style><div class=\"vcex-heading vcex-heading-plain vcex-module wpex-heading wpex-text-2xl wpex-mb-10 vcex_69ede4d63de98\"><span class=\"vcex-heading-inner wpex-inline-block\">Tel\u00e9fono<\/span><\/div><style>.vcex-list_item.vcex_69ede4d63e6e4 .vcex-list-item-icon-inner{color:#25d366;}<\/style><div class=\"vcex-list_item vcex-module wpex-m-0 wpex-max-w-100 wpex-mb-5 vcex_69ede4d63e6e4\"><a href=\"https:\/\/wa.me\/34628414972\" class=\"vcex-list-item-link wpex-no-underline\" target=\"_blank\" rel=\"noopener noreferrer\"><div class=\"vcex-list-item-inner wpex-inline-flex wpex-flex-no-wrap\"><div class=\"vcex-list-item-icon wpex-mr-10\"><div class=\"vcex-list-item-icon-inner vcex-icon-wrap wpex-inline-flex wpex-justify-center wpex-items-center wpex-leading-none wpex-child-inherit-color\"><span class=\"wpex-icon--w wpex-icon\" aria-hidden=\"true\"><svg xmlns=\"http:\/\/www.w3.org\/2000\/svg\" viewBox=\"0 0 448 512\"><path d=\"M380.9 97.1C339 55.1 283.2 32 223.9 32c-122.4 0-222 99.6-222 222 0 39.1 10.2 77.3 29.6 111L0 480l117.7-30.9c32.4 17.7 68.9 27 106.1 27h.1c122.3 0 224.1-99.6 224.1-222 0-59.3-25.2-115-67.1-157zm-157 341.6c-33.2 0-65.7-8.9-94-25.7l-6.7-4-69.8 18.3L72 359.2l-4.4-7c-18.5-29.4-28.2-63.3-28.2-98.2 0-101.7 82.8-184.5 184.6-184.5 49.3 0 95.6 19.2 130.4 54.1 34.8 34.9 56.2 81.2 56.1 130.5 0 101.8-84.9 184.6-186.6 184.6zm101.2-138.2c-5.5-2.8-32.8-16.2-37.9-18-5.1-1.9-8.8-2.8-12.5 2.8-3.7 5.6-14.3 18-17.6 21.8-3.2 3.7-6.5 4.2-12 1.4-32.6-16.3-54-29.1-75.5-66-5.7-9.8 5.7-9.1 16.3-30.3 1.8-3.7 .9-6.9-.5-9.7-1.4-2.8-12.5-30.1-17.1-41.2-4.5-10.8-9.1-9.3-12.5-9.5-3.2-.2-6.9-.2-10.6-.2-3.7 0-9.7 1.4-14.8 6.9-5.1 5.6-19.4 19-19.4 46.3 0 27.3 19.9 53.7 22.6 57.4 2.8 3.7 39.1 59.7 94.8 83.8 35.2 15.2 49 16.5 66.6 13.9 10.7-1.6 32.8-13.4 37.4-26.4 4.6-13 4.6-24.1 3.2-26.4-1.3-2.5-5-3.9-10.5-6.6z\"\/><\/svg><\/span><\/div><\/div><div class=\"vcex-list-item-text vcex-content wpex-flex-grow\">628 414 972<\/div><\/div><\/a><\/div><style>.vcex-list_item.vcex_69ede4d63edb0 .vcex-list-item-icon-inner{color:#0b1a48;}<\/style><div class=\"vcex-list_item vcex-module wpex-m-0 wpex-max-w-100 wpex-mb-25 vcex_69ede4d63edb0\"><a href=\"tel:+34933341856\" class=\"vcex-list-item-link wpex-no-underline\"><div class=\"vcex-list-item-inner wpex-inline-flex wpex-flex-no-wrap\"><div class=\"vcex-list-item-icon wpex-mr-10\"><div class=\"vcex-list-item-icon-inner vcex-icon-wrap wpex-inline-flex wpex-justify-center wpex-items-center wpex-leading-none wpex-child-inherit-color\"><span class=\"wpex-icon--w wpex-icon\" aria-hidden=\"true\"><svg xmlns=\"http:\/\/www.w3.org\/2000\/svg\" viewBox=\"0 0 512 512\"><path d=\"M164.9 24.6c-7.7-18.6-28-28.5-47.4-23.2l-88 24C12.1 30.2 0 46 0 64C0 311.4 200.6 512 448 512c18 0 33.8-12.1 38.6-29.5l24-88c5.3-19.4-4.6-39.7-23.2-47.4l-96-40c-16.3-6.8-35.2-2.1-46.3 11.6L304.7 368C234.3 334.7 177.3 277.7 144 207.3L193.3 167c13.7-11.2 18.4-30 11.6-46.3l-40-96z\"\/><\/svg><\/span><\/div><\/div><div class=\"vcex-list-item-text vcex-content wpex-flex-grow\">93 334 18 56<\/div><\/div><\/a><\/div><style>.vcex-heading.vcex_69ede4d63f51b{color:#0b1a48;font-size:var(--wpex-text-lg);}<\/style><div class=\"vcex-heading vcex-heading-plain vcex-module wpex-heading wpex-text-2xl wpex-mb-10 vcex_69ede4d63f51b\"><span class=\"vcex-heading-inner wpex-inline-block\">Email<\/span><\/div>\n\t<div class=\"wpb_text_column wpb_content_element\" >\n\t\t<div class=\"wpb_wrapper\">\n\t\t\t<p><a href=\"mailto:info@assegurancescastellar.com\">info@assegurancescastellar.com<\/a><\/p>\n\n\t\t<\/div>\n\t<\/div>\n<\/div><\/div><\/div><\/div>\n<\/div>","protected":false},"excerpt":{"rendered":"\u00bfNecesitas Ayuda? \u00a1Cont\u00e1ctanos! Horario de atenci\u00f3n al cliente 09:00h a 13:30h 16:00h a 19:00h Consulta General \"Contacto\"NombreApellidosCorreo electr\u00f3nicoTel\u00e9fono\u00bfC\u00f3mo podemos ayudarle? Doy mi consentimiento para que este sitio web almacene mi informaci\u00f3n enviada para que puedan responder a mi consultaEnviar Consulta Direcci\u00f3n Castellar del Vall\u00e8s 08211 | Barcelona | Espa\u00f1a Ver la Agencia de Seguros Tel\u00e9fono628&hellip;","protected":false},"author":1,"featured_media":0,"parent":0,"menu_order":0,"comment_status":"closed","ping_status":"closed","template":"templates\/no-sidebar.php","meta":{"footnotes":""},"class_list":["post-1346","page","type-page","status-publish","hentry","entry","no-media"],"yoast_head":"<!-- This site is optimized with the Yoast SEO plugin v27.1.1 - https:\/\/yoast.com\/product\/yoast-seo-wordpress\/ -->\n<title>Contacto | Asegurances Castellar<\/title>\n<meta name=\"description\" content=\"Contacta con Assegurances Castellar: Tu Corredur\u00eda de Seguros en Castellar del Vall\u00e8s, Sabadell, Matadepera, Sentmenat y Granollers.\" \/>\n<meta name=\"robots\" content=\"index, follow, max-snippet:-1, max-image-preview:large, max-video-preview:-1\" \/>\n<link rel=\"canonical\" href=\"https:\/\/assegurancescastellar.com\/ca\/contacte\/\" \/>\n<meta property=\"og:locale\" content=\"ca_ES\" \/>\n<meta property=\"og:type\" content=\"article\" \/>\n<meta property=\"og:title\" content=\"Contacto | Asegurances Castellar\" \/>\n<meta property=\"og:description\" content=\"Contacta con Assegurances Castellar: Tu Corredur\u00eda de Seguros en Castellar del Vall\u00e8s, Sabadell, Matadepera, Sentmenat y Granollers.\" \/>\n<meta property=\"og:url\" content=\"https:\/\/assegurancescastellar.com\/ca\/contacte\/\" \/>\n<meta property=\"og:site_name\" content=\"Asegurances Castellar\" \/>\n<meta property=\"article:publisher\" content=\"https:\/\/www.facebook.com\/AssegurancesCastellar\/\" \/>\n<meta property=\"article:modified_time\" content=\"2026-04-20T17:39:43+00:00\" \/>\n<meta name=\"twitter:card\" content=\"summary_large_image\" \/>\n<meta name=\"twitter:label1\" content=\"Temps estimat de lectura\" \/>\n\t<meta name=\"twitter:data1\" content=\"1 minut\" \/>\n<script type=\"application\/ld+json\" class=\"yoast-schema-graph\">{\"@context\":\"https:\/\/schema.org\",\"@graph\":[{\"@type\":\"WebPage\",\"@id\":\"https:\/\/assegurancescastellar.com\/contacto\/\",\"url\":\"https:\/\/assegurancescastellar.com\/contacto\/\",\"name\":\"Contacto | Asegurances Castellar\",\"isPartOf\":{\"@id\":\"https:\/\/orchid-salamander-599117.hostingersite.com\/#website\"},\"datePublished\":\"2025-12-20T06:52:47+00:00\",\"dateModified\":\"2026-04-20T17:39:43+00:00\",\"description\":\"Contacta con Assegurances Castellar: Tu Corredur\u00eda de Seguros en Castellar del Vall\u00e8s, Sabadell, Matadepera, Sentmenat y Granollers.\",\"breadcrumb\":{\"@id\":\"https:\/\/assegurancescastellar.com\/contacto\/#breadcrumb\"},\"inLanguage\":\"ca\",\"potentialAction\":[{\"@type\":\"ReadAction\",\"target\":[\"https:\/\/assegurancescastellar.com\/contacto\/\"]}]},{\"@type\":\"BreadcrumbList\",\"@id\":\"https:\/\/assegurancescastellar.com\/contacto\/#breadcrumb\",\"itemListElement\":[{\"@type\":\"ListItem\",\"position\":1,\"name\":\"Portada\",\"item\":\"https:\/\/assegurancescastellar.com\/\"},{\"@type\":\"ListItem\",\"position\":2,\"name\":\"Contacto\"}]},{\"@type\":\"WebSite\",\"@id\":\"https:\/\/orchid-salamander-599117.hostingersite.com\/#website\",\"url\":\"https:\/\/orchid-salamander-599117.hostingersite.com\/\",\"name\":\"Assegurances Castellar\",\"description\":\"Agencia de Seguros para Empresas y Particulares\",\"publisher\":{\"@id\":\"https:\/\/orchid-salamander-599117.hostingersite.com\/#organization\"},\"alternateName\":\"Assegurances Castellar\",\"potentialAction\":[{\"@type\":\"SearchAction\",\"target\":{\"@type\":\"EntryPoint\",\"urlTemplate\":\"https:\/\/orchid-salamander-599117.hostingersite.com\/?s={search_term_string}\"},\"query-input\":{\"@type\":\"PropertyValueSpecification\",\"valueRequired\":true,\"valueName\":\"search_term_string\"}}],\"inLanguage\":\"ca\"},{\"@type\":\"Organization\",\"@id\":\"https:\/\/orchid-salamander-599117.hostingersite.com\/#organization\",\"name\":\"Assegurances Castellar\",\"alternateName\":\"Assegurances Castellar\",\"url\":\"https:\/\/orchid-salamander-599117.hostingersite.com\/\",\"logo\":{\"@type\":\"ImageObject\",\"inLanguage\":\"ca\",\"@id\":\"https:\/\/orchid-salamander-599117.hostingersite.com\/#\/schema\/logo\/image\/\",\"url\":\"https:\/\/assegurancescastellar.com\/wp-content\/uploads\/2026\/01\/logo-AC.png\",\"contentUrl\":\"https:\/\/assegurancescastellar.com\/wp-content\/uploads\/2026\/01\/logo-AC.png\",\"width\":512,\"height\":512,\"caption\":\"Assegurances Castellar\"},\"image\":{\"@id\":\"https:\/\/orchid-salamander-599117.hostingersite.com\/#\/schema\/logo\/image\/\"},\"sameAs\":[\"https:\/\/www.facebook.com\/AssegurancesCastellar\/\",\"https:\/\/www.instagram.com\/assegurances.castellar\/\"]}]}<\/script>\n<!-- \/ Yoast SEO plugin. -->","yoast_head_json":{"title":"Contacto | Asegurances Castellar","description":"Contacta con Assegurances Castellar: Tu Corredur\u00eda de Seguros en Castellar del Vall\u00e8s, Sabadell, Matadepera, Sentmenat y Granollers.","robots":{"index":"index","follow":"follow","max-snippet":"max-snippet:-1","max-image-preview":"max-image-preview:large","max-video-preview":"max-video-preview:-1"},"canonical":"https:\/\/assegurancescastellar.com\/ca\/contacte\/","og_locale":"ca_ES","og_type":"article","og_title":"Contacto | Asegurances Castellar","og_description":"Contacta con Assegurances Castellar: Tu Corredur\u00eda de Seguros en Castellar del Vall\u00e8s, Sabadell, Matadepera, Sentmenat y Granollers.","og_url":"https:\/\/assegurancescastellar.com\/ca\/contacte\/","og_site_name":"Asegurances Castellar","article_publisher":"https:\/\/www.facebook.com\/AssegurancesCastellar\/","article_modified_time":"2026-04-20T17:39:43+00:00","twitter_card":"summary_large_image","twitter_misc":{"Temps estimat de lectura":"1 minut"},"schema":{"@context":"https:\/\/schema.org","@graph":[{"@type":"WebPage","@id":"https:\/\/assegurancescastellar.com\/contacto\/","url":"https:\/\/assegurancescastellar.com\/contacto\/","name":"Contacto | Asegurances Castellar","isPartOf":{"@id":"https:\/\/orchid-salamander-599117.hostingersite.com\/#website"},"datePublished":"2025-12-20T06:52:47+00:00","dateModified":"2026-04-20T17:39:43+00:00","description":"Contacta con Assegurances Castellar: Tu Corredur\u00eda de Seguros en Castellar del Vall\u00e8s, Sabadell, Matadepera, Sentmenat y Granollers.","breadcrumb":{"@id":"https:\/\/assegurancescastellar.com\/contacto\/#breadcrumb"},"inLanguage":"ca","potentialAction":[{"@type":"ReadAction","target":["https:\/\/assegurancescastellar.com\/contacto\/"]}]},{"@type":"BreadcrumbList","@id":"https:\/\/assegurancescastellar.com\/contacto\/#breadcrumb","itemListElement":[{"@type":"ListItem","position":1,"name":"Portada","item":"https:\/\/assegurancescastellar.com\/"},{"@type":"ListItem","position":2,"name":"Contacto"}]},{"@type":"WebSite","@id":"https:\/\/orchid-salamander-599117.hostingersite.com\/#website","url":"https:\/\/orchid-salamander-599117.hostingersite.com\/","name":"Assegurances Castellar","description":"Agencia de Seguros para Empresas y Particulares","publisher":{"@id":"https:\/\/orchid-salamander-599117.hostingersite.com\/#organization"},"alternateName":"Assegurances Castellar","potentialAction":[{"@type":"SearchAction","target":{"@type":"EntryPoint","urlTemplate":"https:\/\/orchid-salamander-599117.hostingersite.com\/?s={search_term_string}"},"query-input":{"@type":"PropertyValueSpecification","valueRequired":true,"valueName":"search_term_string"}}],"inLanguage":"ca"},{"@type":"Organization","@id":"https:\/\/orchid-salamander-599117.hostingersite.com\/#organization","name":"Assegurances Castellar","alternateName":"Assegurances Castellar","url":"https:\/\/orchid-salamander-599117.hostingersite.com\/","logo":{"@type":"ImageObject","inLanguage":"ca","@id":"https:\/\/orchid-salamander-599117.hostingersite.com\/#\/schema\/logo\/image\/","url":"https:\/\/assegurancescastellar.com\/wp-content\/uploads\/2026\/01\/logo-AC.png","contentUrl":"https:\/\/assegurancescastellar.com\/wp-content\/uploads\/2026\/01\/logo-AC.png","width":512,"height":512,"caption":"Assegurances Castellar"},"image":{"@id":"https:\/\/orchid-salamander-599117.hostingersite.com\/#\/schema\/logo\/image\/"},"sameAs":["https:\/\/www.facebook.com\/AssegurancesCastellar\/","https:\/\/www.instagram.com\/assegurances.castellar\/"]}]}},"_links":{"self":[{"href":"https:\/\/assegurancescastellar.com\/ca\/wp-json\/wp\/v2\/pages\/1346","targetHints":{"allow":["GET"]}}],"collection":[{"href":"https:\/\/assegurancescastellar.com\/ca\/wp-json\/wp\/v2\/pages"}],"about":[{"href":"https:\/\/assegurancescastellar.com\/ca\/wp-json\/wp\/v2\/types\/page"}],"author":[{"embeddable":true,"href":"https:\/\/assegurancescastellar.com\/ca\/wp-json\/wp\/v2\/users\/1"}],"replies":[{"embeddable":true,"href":"https:\/\/assegurancescastellar.com\/ca\/wp-json\/wp\/v2\/comments?post=1346"}],"version-history":[{"count":1,"href":"https:\/\/assegurancescastellar.com\/ca\/wp-json\/wp\/v2\/pages\/1346\/revisions"}],"predecessor-version":[{"id":5639,"href":"https:\/\/assegurancescastellar.com\/ca\/wp-json\/wp\/v2\/pages\/1346\/revisions\/5639"}],"wp:attachment":[{"href":"https:\/\/assegurancescastellar.com\/ca\/wp-json\/wp\/v2\/media?parent=1346"}],"curies":[{"name":"wp","href":"https:\/\/api.w.org\/{rel}","templated":true}]}}